{"id":1161,"date":"2020-03-07T04:59:21","date_gmt":"2020-03-07T04:59:21","guid":{"rendered":"http:\/\/bizix.premiumthemes.in\/?page_id=1161"},"modified":"2022-03-09T04:45:44","modified_gmt":"2022-03-09T04:45:44","slug":"galeria","status":"publish","type":"page","link":"https:\/\/vchemgmbh.com\/spanish\/galeria\/","title":{"rendered":"Galer\u00eda"},"content":{"rendered":"\t\t<div data-elementor-type=\"wp-page\" data-elementor-id=\"1161\" class=\"elementor elementor-1161\" data-elementor-settings=\"[]\">\n\t\t\t\t\t\t\t<div class=\"elementor-section-wrap\">\n\t\t\t\t\t\t\t<section class=\"elementor-section elementor-top-section elementor-element elementor-element-d247e83 elementor-section-boxed elementor-section-height-default elementor-section-height-default\" data-id=\"d247e83\" data-element_type=\"section\">\n\t\t\t\t\t\t<div class=\"elementor-container elementor-column-gap-default\">\n\t\t\t\t\t<div class=\"elementor-column elementor-col-100 elementor-top-column elementor-element elementor-element-7b209c6\" data-id=\"7b209c6\" data-element_type=\"column\">\n\t\t\t<div class=\"elementor-widget-wrap elementor-element-populated\">\n\t\t\t\t\t\t\t\t<div class=\"elementor-element elementor-element-8653b45 elementor-widget elementor-widget-image-gallery\" data-id=\"8653b45\" data-element_type=\"widget\" data-widget_type=\"image-gallery.default\">\n\t\t\t\t<div class=\"elementor-widget-container\">\n\t\t\t<style>\/*! elementor - v3.5.6 - 28-02-2022 *\/\n.elementor-image-gallery .gallery-item{display:inline-block;text-align:center;vertical-align:top;width:100%;max-width:100%;margin:0 auto}.elementor-image-gallery .gallery-item img{margin:0 auto}.elementor-image-gallery .gallery-item .gallery-caption{margin:0}.elementor-image-gallery figure img{display:block}.elementor-image-gallery figure figcaption{width:100%}.gallery-spacing-custom .elementor-image-gallery .gallery-icon{padding:0}@media (min-width:768px){.elementor-image-gallery .gallery-columns-2 .gallery-item{max-width:50%}.elementor-image-gallery .gallery-columns-3 .gallery-item{max-width:33.33%}.elementor-image-gallery .gallery-columns-4 .gallery-item{max-width:25%}.elementor-image-gallery .gallery-columns-5 .gallery-item{max-width:20%}.elementor-image-gallery .gallery-columns-6 .gallery-item{max-width:16.666%}.elementor-image-gallery .gallery-columns-7 .gallery-item{max-width:14.28%}.elementor-image-gallery .gallery-columns-8 .gallery-item{max-width:12.5%}.elementor-image-gallery .gallery-columns-9 .gallery-item{max-width:11.11%}.elementor-image-gallery .gallery-columns-10 .gallery-item{max-width:10%}}@media (min-width:480px) and (max-width:767px){.elementor-image-gallery .gallery.gallery-columns-2 .gallery-item,.elementor-image-gallery .gallery.gallery-columns-3 .gallery-item,.elementor-image-gallery .gallery.gallery-columns-4 .gallery-item,.elementor-image-gallery .gallery.gallery-columns-5 .gallery-item,.elementor-image-gallery .gallery.gallery-columns-6 .gallery-item,.elementor-image-gallery .gallery.gallery-columns-7 .gallery-item,.elementor-image-gallery .gallery.gallery-columns-8 .gallery-item,.elementor-image-gallery .gallery.gallery-columns-9 .gallery-item,.elementor-image-gallery .gallery.gallery-columns-10 .gallery-item{max-width:50%}}@media (max-width:479px){.elementor-image-gallery .gallery.gallery-columns-2 .gallery-item,.elementor-image-gallery .gallery.gallery-columns-3 .gallery-item,.elementor-image-gallery .gallery.gallery-columns-4 .gallery-item,.elementor-image-gallery .gallery.gallery-columns-5 .gallery-item,.elementor-image-gallery .gallery.gallery-columns-6 .gallery-item,.elementor-image-gallery .gallery.gallery-columns-7 .gallery-item,.elementor-image-gallery .gallery.gallery-columns-8 .gallery-item,.elementor-image-gallery .gallery.gallery-columns-9 .gallery-item,.elementor-image-gallery .gallery.gallery-columns-10 .gallery-item{max-width:100%}}<\/style>\t\t<div class=\"elementor-image-gallery\">\n\t\t\t<div id='gallery-1' class='gallery galleryid-1161 gallery-columns-5 gallery-size-thumbnail'><dl class='gallery-item'>\n\t\t\t<dt class='gallery-icon landscape'>\n\t\t\t\t<a data-elementor-open-lightbox=\"yes\" data-elementor-lightbox-slideshow=\"8653b45\" data-elementor-lightbox-title=\"Sodium-Cyanides\" e-action-hash=\"#elementor-action%3Aaction%3Dlightbox%26settings%3DeyJpZCI6MjE2OSwidXJsIjoiaHR0cHM6XC9cL3ZjaGVtZ21iaC5jb21cL3NwYW5pc2hcL3dwLWNvbnRlbnRcL3VwbG9hZHNcLzIwMjFcLzA5XC9Tb2RpdW0tQ3lhbmlkZXMuanBnIiwic2xpZGVzaG93IjoiODY1M2I0NSJ9\" href='https:\/\/vchemgmbh.com\/spanish\/wp-content\/uploads\/2021\/09\/Sodium-Cyanides.jpg'><img width=\"150\" height=\"150\" src=\"https:\/\/vchemgmbh.com\/spanish\/wp-content\/uploads\/2021\/09\/Sodium-Cyanides-150x150.jpg\" class=\"attachment-thumbnail size-thumbnail\" alt=\"\" decoding=\"async\" loading=\"lazy\" srcset=\"https:\/\/vchemgmbh.com\/spanish\/wp-content\/uploads\/2021\/09\/Sodium-Cyanides-150x150.jpg 150w, https:\/\/vchemgmbh.com\/spanish\/wp-content\/uploads\/2021\/09\/Sodium-Cyanides-300x300.jpg 300w, https:\/\/vchemgmbh.com\/spanish\/wp-content\/uploads\/2021\/09\/Sodium-Cyanides-90x90.jpg 90w, https:\/\/vchemgmbh.com\/spanish\/wp-content\/uploads\/2021\/09\/Sodium-Cyanides-670x670.jpg 670w, https:\/\/vchemgmbh.com\/spanish\/wp-content\/uploads\/2021\/09\/Sodium-Cyanides.jpg 707w\" sizes=\"(max-width: 150px) 100vw, 150px\" \/><\/a>\n\t\t\t<\/dt><\/dl><dl class='gallery-item'>\n\t\t\t<dt class='gallery-icon landscape'>\n\t\t\t\t<a data-elementor-open-lightbox=\"yes\" data-elementor-lightbox-slideshow=\"8653b45\" data-elementor-lightbox-title=\"SSD-AUTOMATIC-SOLUTION\" e-action-hash=\"#elementor-action%3Aaction%3Dlightbox%26settings%3DeyJpZCI6MjE0MywidXJsIjoiaHR0cHM6XC9cL3ZjaGVtZ21iaC5jb21cL3NwYW5pc2hcL3dwLWNvbnRlbnRcL3VwbG9hZHNcLzIwMjFcLzA5XC9TU0QtQVVUT01BVElDLVNPTFVUSU9OLmpwZyIsInNsaWRlc2hvdyI6Ijg2NTNiNDUifQ%3D%3D\" href='https:\/\/vchemgmbh.com\/spanish\/wp-content\/uploads\/2021\/09\/SSD-AUTOMATIC-SOLUTION.jpg'><img width=\"150\" height=\"150\" src=\"https:\/\/vchemgmbh.com\/spanish\/wp-content\/uploads\/2021\/09\/SSD-AUTOMATIC-SOLUTION-150x150.jpg\" class=\"attachment-thumbnail size-thumbnail\" alt=\"\" decoding=\"async\" loading=\"lazy\" srcset=\"https:\/\/vchemgmbh.com\/spanish\/wp-content\/uploads\/2021\/09\/SSD-AUTOMATIC-SOLUTION-150x150.jpg 150w, https:\/\/vchemgmbh.com\/spanish\/wp-content\/uploads\/2021\/09\/SSD-AUTOMATIC-SOLUTION-300x300.jpg 300w, https:\/\/vchemgmbh.com\/spanish\/wp-content\/uploads\/2021\/09\/SSD-AUTOMATIC-SOLUTION-90x90.jpg 90w, https:\/\/vchemgmbh.com\/spanish\/wp-content\/uploads\/2021\/09\/SSD-AUTOMATIC-SOLUTION-670x670.jpg 670w, https:\/\/vchemgmbh.com\/spanish\/wp-content\/uploads\/2021\/09\/SSD-AUTOMATIC-SOLUTION.jpg 707w\" sizes=\"(max-width: 150px) 100vw, 150px\" \/><\/a>\n\t\t\t<\/dt><\/dl><dl class='gallery-item'>\n\t\t\t<dt class='gallery-icon portrait'>\n\t\t\t\t<a data-elementor-open-lightbox=\"yes\" data-elementor-lightbox-slideshow=\"8653b45\" data-elementor-lightbox-title=\"Sodium Cyanide For Sale\" e-action-hash=\"#elementor-action%3Aaction%3Dlightbox%26settings%3DeyJpZCI6MjE2OCwidXJsIjoiaHR0cHM6XC9cL3ZjaGVtZ21iaC5jb21cL3NwYW5pc2hcL3dwLWNvbnRlbnRcL3VwbG9hZHNcLzIwMjFcLzA5XC9Tb2RpdW0tQ3lhbmlkZS5qcGciLCJzbGlkZXNob3ciOiI4NjUzYjQ1In0%3D\" href='https:\/\/vchemgmbh.com\/spanish\/wp-content\/uploads\/2021\/09\/Sodium-Cyanide.jpg'><img width=\"150\" height=\"150\" src=\"https:\/\/vchemgmbh.com\/spanish\/wp-content\/uploads\/2021\/09\/Sodium-Cyanide-150x150.jpg\" class=\"attachment-thumbnail size-thumbnail\" alt=\"Sodium Cyanide For Sale\" decoding=\"async\" loading=\"lazy\" srcset=\"https:\/\/vchemgmbh.com\/spanish\/wp-content\/uploads\/2021\/09\/Sodium-Cyanide-150x150.jpg 150w, https:\/\/vchemgmbh.com\/spanish\/wp-content\/uploads\/2021\/09\/Sodium-Cyanide-90x90.jpg 90w, https:\/\/vchemgmbh.com\/spanish\/wp-content\/uploads\/2021\/09\/Sodium-Cyanide-670x670.jpg 670w\" sizes=\"(max-width: 150px) 100vw, 150px\" \/><\/a>\n\t\t\t<\/dt><\/dl><dl class='gallery-item'>\n\t\t\t<dt class='gallery-icon portrait'>\n\t\t\t\t<a data-elementor-open-lightbox=\"yes\" data-elementor-lightbox-slideshow=\"8653b45\" data-elementor-lightbox-title=\"ssd\" e-action-hash=\"#elementor-action%3Aaction%3Dlightbox%26settings%3DeyJpZCI6MjE0MiwidXJsIjoiaHR0cHM6XC9cL3ZjaGVtZ21iaC5jb21cL3NwYW5pc2hcL3dwLWNvbnRlbnRcL3VwbG9hZHNcLzIwMjFcLzA5XC9zc2QuanBnIiwic2xpZGVzaG93IjoiODY1M2I0NSJ9\" href='https:\/\/vchemgmbh.com\/spanish\/wp-content\/uploads\/2021\/09\/ssd.jpg'><img width=\"150\" height=\"150\" src=\"https:\/\/vchemgmbh.com\/spanish\/wp-content\/uploads\/2021\/09\/ssd-150x150.jpg\" class=\"attachment-thumbnail size-thumbnail\" alt=\"\" decoding=\"async\" loading=\"lazy\" srcset=\"https:\/\/vchemgmbh.com\/spanish\/wp-content\/uploads\/2021\/09\/ssd-150x150.jpg 150w, https:\/\/vchemgmbh.com\/spanish\/wp-content\/uploads\/2021\/09\/ssd-90x90.jpg 90w, https:\/\/vchemgmbh.com\/spanish\/wp-content\/uploads\/2021\/09\/ssd-670x670.jpg 670w\" sizes=\"(max-width: 150px) 100vw, 150px\" \/><\/a>\n\t\t\t<\/dt><\/dl><dl class='gallery-item'>\n\t\t\t<dt class='gallery-icon landscape'>\n\t\t\t\t<a data-elementor-open-lightbox=\"yes\" data-elementor-lightbox-slideshow=\"8653b45\" data-elementor-lightbox-title=\"Buy-Cheap-Caluanie-Muelear-Oxidize-online\" e-action-hash=\"#elementor-action%3Aaction%3Dlightbox%26settings%3DeyJpZCI6MjEyNSwidXJsIjoiaHR0cHM6XC9cL3ZjaGVtZ21iaC5jb21cL3NwYW5pc2hcL3dwLWNvbnRlbnRcL3VwbG9hZHNcLzIwMjFcLzA5XC9CdXktQ2hlYXAtQ2FsdWFuaWUtTXVlbGVhci1PeGlkaXplLW9ubGluZS5qcGciLCJzbGlkZXNob3ciOiI4NjUzYjQ1In0%3D\" href='https:\/\/vchemgmbh.com\/spanish\/wp-content\/uploads\/2021\/09\/Buy-Cheap-Caluanie-Muelear-Oxidize-online.jpg'><img width=\"150\" height=\"150\" src=\"https:\/\/vchemgmbh.com\/spanish\/wp-content\/uploads\/2021\/09\/Buy-Cheap-Caluanie-Muelear-Oxidize-online-150x150.jpg\" class=\"attachment-thumbnail size-thumbnail\" alt=\"\" decoding=\"async\" loading=\"lazy\" srcset=\"https:\/\/vchemgmbh.com\/spanish\/wp-content\/uploads\/2021\/09\/Buy-Cheap-Caluanie-Muelear-Oxidize-online-150x150.jpg 150w, https:\/\/vchemgmbh.com\/spanish\/wp-content\/uploads\/2021\/09\/Buy-Cheap-Caluanie-Muelear-Oxidize-online-300x300.jpg 300w, https:\/\/vchemgmbh.com\/spanish\/wp-content\/uploads\/2021\/09\/Buy-Cheap-Caluanie-Muelear-Oxidize-online-90x90.jpg 90w, https:\/\/vchemgmbh.com\/spanish\/wp-content\/uploads\/2021\/09\/Buy-Cheap-Caluanie-Muelear-Oxidize-online-670x670.jpg 670w, https:\/\/vchemgmbh.com\/spanish\/wp-content\/uploads\/2021\/09\/Buy-Cheap-Caluanie-Muelear-Oxidize-online.jpg 707w\" sizes=\"(max-width: 150px) 100vw, 150px\" \/><\/a>\n\t\t\t<\/dt><\/dl><br style=\"clear: both\" \/><dl class='gallery-item'>\n\t\t\t<dt class='gallery-icon portrait'>\n\t\t\t\t<a data-elementor-open-lightbox=\"yes\" data-elementor-lightbox-slideshow=\"8653b45\" data-elementor-lightbox-title=\"Buy-US-Made-Caluanie-Muelear-Oxidize-for-Crushing-Metals\" e-action-hash=\"#elementor-action%3Aaction%3Dlightbox%26settings%3DeyJpZCI6MjEyMywidXJsIjoiaHR0cHM6XC9cL3ZjaGVtZ21iaC5jb21cL3NwYW5pc2hcL3dwLWNvbnRlbnRcL3VwbG9hZHNcLzIwMjFcLzA5XC9CdXktVVMtTWFkZS1DYWx1YW5pZS1NdWVsZWFyLU94aWRpemUtZm9yLUNydXNoaW5nLU1ldGFscy5qcGciLCJzbGlkZXNob3ciOiI4NjUzYjQ1In0%3D\" href='https:\/\/vchemgmbh.com\/spanish\/wp-content\/uploads\/2021\/09\/Buy-US-Made-Caluanie-Muelear-Oxidize-for-Crushing-Metals.jpg'><img width=\"150\" height=\"150\" src=\"https:\/\/vchemgmbh.com\/spanish\/wp-content\/uploads\/2021\/09\/Buy-US-Made-Caluanie-Muelear-Oxidize-for-Crushing-Metals-150x150.jpg\" class=\"attachment-thumbnail size-thumbnail\" alt=\"\" decoding=\"async\" loading=\"lazy\" srcset=\"https:\/\/vchemgmbh.com\/spanish\/wp-content\/uploads\/2021\/09\/Buy-US-Made-Caluanie-Muelear-Oxidize-for-Crushing-Metals-150x150.jpg 150w, https:\/\/vchemgmbh.com\/spanish\/wp-content\/uploads\/2021\/09\/Buy-US-Made-Caluanie-Muelear-Oxidize-for-Crushing-Metals-90x90.jpg 90w, https:\/\/vchemgmbh.com\/spanish\/wp-content\/uploads\/2021\/09\/Buy-US-Made-Caluanie-Muelear-Oxidize-for-Crushing-Metals-670x670.jpg 670w\" sizes=\"(max-width: 150px) 100vw, 150px\" \/><\/a>\n\t\t\t<\/dt><\/dl><dl class='gallery-item'>\n\t\t\t<dt class='gallery-icon landscape'>\n\t\t\t\t<a data-elementor-open-lightbox=\"yes\" data-elementor-lightbox-slideshow=\"8653b45\" data-elementor-lightbox-title=\"Buy-Prime-Virgin-Mercury\" e-action-hash=\"#elementor-action%3Aaction%3Dlightbox%26settings%3DeyJpZCI6MjA5OSwidXJsIjoiaHR0cHM6XC9cL3ZjaGVtZ21iaC5jb21cL3NwYW5pc2hcL3dwLWNvbnRlbnRcL3VwbG9hZHNcLzIwMjFcLzA5XC9CdXktUHJpbWUtVmlyZ2luLU1lcmN1cnkuanBnIiwic2xpZGVzaG93IjoiODY1M2I0NSJ9\" href='https:\/\/vchemgmbh.com\/spanish\/wp-content\/uploads\/2021\/09\/Buy-Prime-Virgin-Mercury.jpg'><img width=\"150\" height=\"150\" src=\"https:\/\/vchemgmbh.com\/spanish\/wp-content\/uploads\/2021\/09\/Buy-Prime-Virgin-Mercury-150x150.jpg\" class=\"attachment-thumbnail size-thumbnail\" alt=\"\" decoding=\"async\" loading=\"lazy\" srcset=\"https:\/\/vchemgmbh.com\/spanish\/wp-content\/uploads\/2021\/09\/Buy-Prime-Virgin-Mercury-150x150.jpg 150w, https:\/\/vchemgmbh.com\/spanish\/wp-content\/uploads\/2021\/09\/Buy-Prime-Virgin-Mercury-300x300.jpg 300w, https:\/\/vchemgmbh.com\/spanish\/wp-content\/uploads\/2021\/09\/Buy-Prime-Virgin-Mercury-90x90.jpg 90w, https:\/\/vchemgmbh.com\/spanish\/wp-content\/uploads\/2021\/09\/Buy-Prime-Virgin-Mercury-670x670.jpg 670w, https:\/\/vchemgmbh.com\/spanish\/wp-content\/uploads\/2021\/09\/Buy-Prime-Virgin-Mercury.jpg 707w\" sizes=\"(max-width: 150px) 100vw, 150px\" \/><\/a>\n\t\t\t<\/dt><\/dl><dl class='gallery-item'>\n\t\t\t<dt class='gallery-icon portrait'>\n\t\t\t\t<a data-elementor-open-lightbox=\"yes\" data-elementor-lightbox-slideshow=\"8653b45\" data-elementor-lightbox-title=\"Buy-Silver-Liquid-Mercury\" e-action-hash=\"#elementor-action%3Aaction%3Dlightbox%26settings%3DeyJpZCI6MjA5OCwidXJsIjoiaHR0cHM6XC9cL3ZjaGVtZ21iaC5jb21cL3NwYW5pc2hcL3dwLWNvbnRlbnRcL3VwbG9hZHNcLzIwMjFcLzA5XC9CdXktU2lsdmVyLUxpcXVpZC1NZXJjdXJ5LmpwZyIsInNsaWRlc2hvdyI6Ijg2NTNiNDUifQ%3D%3D\" href='https:\/\/vchemgmbh.com\/spanish\/wp-content\/uploads\/2021\/09\/Buy-Silver-Liquid-Mercury.jpg'><img width=\"150\" height=\"150\" src=\"https:\/\/vchemgmbh.com\/spanish\/wp-content\/uploads\/2021\/09\/Buy-Silver-Liquid-Mercury-150x150.jpg\" class=\"attachment-thumbnail size-thumbnail\" alt=\"\" decoding=\"async\" loading=\"lazy\" srcset=\"https:\/\/vchemgmbh.com\/spanish\/wp-content\/uploads\/2021\/09\/Buy-Silver-Liquid-Mercury-150x150.jpg 150w, https:\/\/vchemgmbh.com\/spanish\/wp-content\/uploads\/2021\/09\/Buy-Silver-Liquid-Mercury-90x90.jpg 90w, https:\/\/vchemgmbh.com\/spanish\/wp-content\/uploads\/2021\/09\/Buy-Silver-Liquid-Mercury-670x670.jpg 670w\" sizes=\"(max-width: 150px) 100vw, 150px\" \/><\/a>\n\t\t\t<\/dt><\/dl><dl class='gallery-item'>\n\t\t\t<dt class='gallery-icon landscape'>\n\t\t\t\t<a data-elementor-open-lightbox=\"yes\" data-elementor-lightbox-slideshow=\"8653b45\" data-elementor-lightbox-title=\"red-m\" e-action-hash=\"#elementor-action%3Aaction%3Dlightbox%26settings%3DeyJpZCI6MjAxMiwidXJsIjoiaHR0cHM6XC9cL3ZjaGVtZ21iaC5jb21cL3NwYW5pc2hcL3dwLWNvbnRlbnRcL3VwbG9hZHNcLzIwMjFcLzA5XC9yZWQtbS5qcGciLCJzbGlkZXNob3ciOiI4NjUzYjQ1In0%3D\" href='https:\/\/vchemgmbh.com\/spanish\/wp-content\/uploads\/2021\/09\/red-m.jpg'><img width=\"150\" height=\"150\" src=\"https:\/\/vchemgmbh.com\/spanish\/wp-content\/uploads\/2021\/09\/red-m-150x150.jpg\" class=\"attachment-thumbnail size-thumbnail\" alt=\"\" decoding=\"async\" loading=\"lazy\" srcset=\"https:\/\/vchemgmbh.com\/spanish\/wp-content\/uploads\/2021\/09\/red-m-150x150.jpg 150w, https:\/\/vchemgmbh.com\/spanish\/wp-content\/uploads\/2021\/09\/red-m-300x300.jpg 300w, https:\/\/vchemgmbh.com\/spanish\/wp-content\/uploads\/2021\/09\/red-m-90x90.jpg 90w, https:\/\/vchemgmbh.com\/spanish\/wp-content\/uploads\/2021\/09\/red-m-670x670.jpg 670w, https:\/\/vchemgmbh.com\/spanish\/wp-content\/uploads\/2021\/09\/red-m.jpg 707w\" sizes=\"(max-width: 150px) 100vw, 150px\" \/><\/a>\n\t\t\t<\/dt><\/dl><dl class='gallery-item'>\n\t\t\t<dt class='gallery-icon portrait'>\n\t\t\t\t<a data-elementor-open-lightbox=\"yes\" data-elementor-lightbox-slideshow=\"8653b45\" data-elementor-lightbox-title=\"red-mercury\" e-action-hash=\"#elementor-action%3Aaction%3Dlightbox%26settings%3DeyJpZCI6MjAxMSwidXJsIjoiaHR0cHM6XC9cL3ZjaGVtZ21iaC5jb21cL3NwYW5pc2hcL3dwLWNvbnRlbnRcL3VwbG9hZHNcLzIwMjFcLzA5XC9yZWQtbWVyY3VyeS5qcGciLCJzbGlkZXNob3ciOiI4NjUzYjQ1In0%3D\" href='https:\/\/vchemgmbh.com\/spanish\/wp-content\/uploads\/2021\/09\/red-mercury.jpg'><img width=\"150\" height=\"150\" src=\"https:\/\/vchemgmbh.com\/spanish\/wp-content\/uploads\/2021\/09\/red-mercury-150x150.jpg\" class=\"attachment-thumbnail size-thumbnail\" alt=\"\" decoding=\"async\" loading=\"lazy\" srcset=\"https:\/\/vchemgmbh.com\/spanish\/wp-content\/uploads\/2021\/09\/red-mercury-150x150.jpg 150w, https:\/\/vchemgmbh.com\/spanish\/wp-content\/uploads\/2021\/09\/red-mercury-90x90.jpg 90w, https:\/\/vchemgmbh.com\/spanish\/wp-content\/uploads\/2021\/09\/red-mercury-670x670.jpg 670w\" sizes=\"(max-width: 150px) 100vw, 150px\" \/><\/a>\n\t\t\t<\/dt><\/dl><br style=\"clear: both\" \/>\n\t\t<\/div>\n\t\t<\/div>\n\t\t\t\t<\/div>\n\t\t\t\t<\/div>\n\t\t\t\t<div class=\"elementor-element elementor-element-58f1612 elementor-widget elementor-widget-spacer\" data-id=\"58f1612\" data-element_type=\"widget\" data-widget_type=\"spacer.default\">\n\t\t\t\t<div class=\"elementor-widget-container\">\n\t\t\t<style>\/*! elementor - v3.6.6 - 08-06-2022 *\/\n.e-container.e-container--row .elementor-spacer-inner{width:var(--spacer-size)}.e-container.e-container--column .elementor-spacer-inner,.elementor-column .elementor-spacer-inner{height:var(--spacer-size)}<\/style>\t\t<div class=\"elementor-spacer\">\n\t\t\t<div class=\"elementor-spacer-inner\"><\/div>\n\t\t<\/div>\n\t\t\t\t<\/div>\n\t\t\t\t<\/div>\n\t\t\t\t\t<\/div>\n\t\t<\/div>\n\t\t\t\t\t\t\t<\/div>\n\t\t<\/section>\n\t\t\t\t\t\t<\/div>\n\t\t\t\t\t<\/div>\n\t\t","protected":false},"excerpt":{"rendered":"<p>&nbsp; &nbsp;<\/p>\n","protected":false},"author":1,"featured_media":0,"parent":0,"menu_order":0,"comment_status":"closed","ping_status":"closed","template":"","meta":[],"yoast_head":"<!-- This site is optimized with the Yoast SEO plugin v20.2.1 - https:\/\/yoast.com\/wordpress\/plugins\/seo\/ -->\n<title>Galer\u00eda - Volant Chem GmbH<\/title>\n<meta name=\"robots\" content=\"index, follow, max-snippet:-1, max-image-preview:large, max-video-preview:-1\" \/>\n<link rel=\"canonical\" href=\"https:\/\/vchemgmbh.com\/spanish\/galeria\/\" \/>\n<meta property=\"og:locale\" content=\"en_US\" \/>\n<meta property=\"og:type\" content=\"article\" \/>\n<meta property=\"og:title\" content=\"Galer\u00eda - Volant Chem GmbH\" \/>\n<meta property=\"og:description\" content=\"&nbsp; &nbsp;\" \/>\n<meta property=\"og:url\" content=\"https:\/\/vchemgmbh.com\/spanish\/galeria\/\" \/>\n<meta property=\"og:site_name\" content=\"Volant Chem GmbH\" \/>\n<meta property=\"article:modified_time\" content=\"2022-03-09T04:45:44+00:00\" \/>\n<meta property=\"og:image\" content=\"https:\/\/vchemgmbh.com\/spanish\/wp-content\/uploads\/2021\/09\/Sodium-Cyanides-150x150.jpg\" \/>\n<meta name=\"twitter:card\" content=\"summary_large_image\" \/>\n<meta name=\"twitter:label1\" content=\"Est. reading time\" \/>\n\t<meta name=\"twitter:data1\" content=\"2 minutes\" \/>\n<script type=\"application\/ld+json\" class=\"yoast-schema-graph\">{\"@context\":\"https:\/\/schema.org\",\"@graph\":[{\"@type\":\"WebPage\",\"@id\":\"https:\/\/vchemgmbh.com\/spanish\/galeria\/\",\"url\":\"https:\/\/vchemgmbh.com\/spanish\/galeria\/\",\"name\":\"Galer\u00eda - Volant Chem GmbH\",\"isPartOf\":{\"@id\":\"https:\/\/vchemgmbh.com\/spanish\/#website\"},\"datePublished\":\"2020-03-07T04:59:21+00:00\",\"dateModified\":\"2022-03-09T04:45:44+00:00\",\"breadcrumb\":{\"@id\":\"https:\/\/vchemgmbh.com\/spanish\/galeria\/#breadcrumb\"},\"inLanguage\":\"en-US\",\"potentialAction\":[{\"@type\":\"ReadAction\",\"target\":[\"https:\/\/vchemgmbh.com\/spanish\/galeria\/\"]}]},{\"@type\":\"BreadcrumbList\",\"@id\":\"https:\/\/vchemgmbh.com\/spanish\/galeria\/#breadcrumb\",\"itemListElement\":[{\"@type\":\"ListItem\",\"position\":1,\"name\":\"Home\",\"item\":\"https:\/\/vchemgmbh.com\/spanish\/\"},{\"@type\":\"ListItem\",\"position\":2,\"name\":\"Galer\u00eda\"}]},{\"@type\":\"WebSite\",\"@id\":\"https:\/\/vchemgmbh.com\/spanish\/#website\",\"url\":\"https:\/\/vchemgmbh.com\/spanish\/\",\"name\":\"Volant Chem GmbH\",\"description\":\"Proveedor confiable de productos qu\u00edmicos de alta pureza en Espa\u00f1a y Europa, incluyendo mercurio, \u00f3xido de antimonio y cianuro de sodio\",\"potentialAction\":[{\"@type\":\"SearchAction\",\"target\":{\"@type\":\"EntryPoint\",\"urlTemplate\":\"https:\/\/vchemgmbh.com\/spanish\/?s={search_term_string}\"},\"query-input\":\"required name=search_term_string\"}],\"inLanguage\":\"en-US\"}]}<\/script>\n<!-- \/ Yoast SEO plugin. -->","yoast_head_json":{"title":"Galer\u00eda - Volant Chem GmbH","robots":{"index":"index","follow":"follow","max-snippet":"max-snippet:-1","max-image-preview":"max-image-preview:large","max-video-preview":"max-video-preview:-1"},"canonical":"https:\/\/vchemgmbh.com\/spanish\/galeria\/","og_locale":"en_US","og_type":"article","og_title":"Galer\u00eda - Volant Chem GmbH","og_description":"&nbsp; &nbsp;","og_url":"https:\/\/vchemgmbh.com\/spanish\/galeria\/","og_site_name":"Volant Chem GmbH","article_modified_time":"2022-03-09T04:45:44+00:00","og_image":[{"url":"https:\/\/vchemgmbh.com\/spanish\/wp-content\/uploads\/2021\/09\/Sodium-Cyanides-150x150.jpg"}],"twitter_card":"summary_large_image","twitter_misc":{"Est. reading time":"2 minutes"},"schema":{"@context":"https:\/\/schema.org","@graph":[{"@type":"WebPage","@id":"https:\/\/vchemgmbh.com\/spanish\/galeria\/","url":"https:\/\/vchemgmbh.com\/spanish\/galeria\/","name":"Galer\u00eda - Volant Chem GmbH","isPartOf":{"@id":"https:\/\/vchemgmbh.com\/spanish\/#website"},"datePublished":"2020-03-07T04:59:21+00:00","dateModified":"2022-03-09T04:45:44+00:00","breadcrumb":{"@id":"https:\/\/vchemgmbh.com\/spanish\/galeria\/#breadcrumb"},"inLanguage":"en-US","potentialAction":[{"@type":"ReadAction","target":["https:\/\/vchemgmbh.com\/spanish\/galeria\/"]}]},{"@type":"BreadcrumbList","@id":"https:\/\/vchemgmbh.com\/spanish\/galeria\/#breadcrumb","itemListElement":[{"@type":"ListItem","position":1,"name":"Home","item":"https:\/\/vchemgmbh.com\/spanish\/"},{"@type":"ListItem","position":2,"name":"Galer\u00eda"}]},{"@type":"WebSite","@id":"https:\/\/vchemgmbh.com\/spanish\/#website","url":"https:\/\/vchemgmbh.com\/spanish\/","name":"Volant Chem GmbH","description":"Proveedor confiable de productos qu\u00edmicos de alta pureza en Espa\u00f1a y Europa, incluyendo mercurio, \u00f3xido de antimonio y cianuro de sodio","potentialAction":[{"@type":"SearchAction","target":{"@type":"EntryPoint","urlTemplate":"https:\/\/vchemgmbh.com\/spanish\/?s={search_term_string}"},"query-input":"required name=search_term_string"}],"inLanguage":"en-US"}]}},"_links":{"self":[{"href":"https:\/\/vchemgmbh.com\/spanish\/wp-json\/wp\/v2\/pages\/1161"}],"collection":[{"href":"https:\/\/vchemgmbh.com\/spanish\/wp-json\/wp\/v2\/pages"}],"about":[{"href":"https:\/\/vchemgmbh.com\/spanish\/wp-json\/wp\/v2\/types\/page"}],"author":[{"embeddable":true,"href":"https:\/\/vchemgmbh.com\/spanish\/wp-json\/wp\/v2\/users\/1"}],"replies":[{"embeddable":true,"href":"https:\/\/vchemgmbh.com\/spanish\/wp-json\/wp\/v2\/comments?post=1161"}],"version-history":[{"count":16,"href":"https:\/\/vchemgmbh.com\/spanish\/wp-json\/wp\/v2\/pages\/1161\/revisions"}],"predecessor-version":[{"id":2621,"href":"https:\/\/vchemgmbh.com\/spanish\/wp-json\/wp\/v2\/pages\/1161\/revisions\/2621"}],"wp:attachment":[{"href":"https:\/\/vchemgmbh.com\/spanish\/wp-json\/wp\/v2\/media?parent=1161"}],"curies":[{"name":"wp","href":"https:\/\/api.w.org\/{rel}","templated":true}]}}