{"id":319,"date":"2020-02-18T10:14:06","date_gmt":"2020-02-18T10:14:06","guid":{"rendered":"http:\/\/bizix.premiumthemes.in\/?page_id=319"},"modified":"2025-09-01T18:19:18","modified_gmt":"2025-09-01T18:19:18","slug":"productos","status":"publish","type":"page","link":"https:\/\/vchemgmbh.com\/spanish\/productos\/","title":{"rendered":"productos"},"content":{"rendered":"\t\t<div data-elementor-type=\"wp-page\" data-elementor-id=\"319\" class=\"elementor elementor-319\" data-elementor-settings=\"[]\">\n\t\t\t\t\t\t\t<div class=\"elementor-section-wrap\">\n\t\t\t\t\t\t\t<section class=\"elementor-section elementor-top-section elementor-element elementor-element-a45b8f3 elementor-section-stretched elementor-section-boxed elementor-section-height-default elementor-section-height-default\" data-id=\"a45b8f3\" data-element_type=\"section\" data-settings=\"{&quot;stretch_section&quot;:&quot;section-stretched&quot;}\">\n\t\t\t\t\t\t<div class=\"elementor-container elementor-column-gap-no\">\n\t\t\t\t\t<div class=\"elementor-column elementor-col-100 elementor-top-column elementor-element elementor-element-97dcc6d\" data-id=\"97dcc6d\" data-element_type=\"column\">\n\t\t\t<div class=\"elementor-widget-wrap elementor-element-populated\">\n\t\t\t\t\t\t\t\t<div class=\"elementor-element elementor-element-6c35efe4 elementor-grid-3 elementor-grid-tablet-2 elementor-grid-mobile-1 elementor-widget elementor-widget-gyan_services_full_text\" data-id=\"6c35efe4\" data-element_type=\"widget\" data-settings=\"{&quot;columns&quot;:&quot;3&quot;,&quot;columns_tablet&quot;:&quot;2&quot;,&quot;columns_mobile&quot;:&quot;1&quot;}\" data-widget_type=\"gyan_services_full_text.default\">\n\t\t\t\t<div class=\"elementor-widget-container\">\n\t\t\t\n\t\t<div class=\"gyan-services-full-container gyan-services-full-container-6c35efe4\" data-layout=\"grid\" data-rtl=\"false\">\n\n\t\t\t<div class=\"gyan-services-full-items gyan-elementor-grid\">\n\n\t\t\t\t\n\t\t\t\t\t<div class=\"gyan-service-full-item gyan-grid-item-wrap\">\n\t\t\t\t\t\t<div class=\"gyan-services-full gyan-grid-item gyan-ease-transition\">\n\t\t\t\t\t\t\t<div class=\"gyan-services-full-img\"><img decoding=\"async\" src=\"https:\/\/vchemgmbh.com\/spanish\/wp-content\/uploads\/2021\/09\/red-mercury.jpg\" alt=\"\"><\/div><div class=\"gyan-services-full-content\"><div class=\"gyan-services-full-icon-wrap\"><div class=\"gyan-services-full-icon gyan-icon\"><img decoding=\"async\" src=\"https:\/\/vchemgmbh.com\/spanish\/wp-content\/uploads\/2020\/02\/icon-chat.png\" alt=\"\"><\/div><\/div><div class=\"gyan-services-full-title-desc\"><h6 class=\"gyan-services-full-title\"><a href=\"https:\/\/vchemgmbh.com\/spanish\/productos\/mercurio-liquido-rojo\/\" class=\"gyan-service-full-link\">Mercurio l\u00edquido rojo<\/a><\/h6><div class=\"gyan-services-full-desc\">Mercurio l\u00edquido rojo de alta pureza, ideal para miner\u00eda, investigaci\u00f3n y aplicaciones industriales, con env\u00edo seguro y discreto internacional.<\/div><\/div><a href=\"https:\/\/vchemgmbh.com\/spanish\/productos\/mercurio-liquido-rojo\/\" class=\"gyan-service-full-link gyan-services-full-button gyan-ease-transition gyan-flex\"><span class=\"gyan-services-full-button-text\">Learn More<\/span><span class=\"gyan-services-full-button-arrow\"><\/span><\/a><\/div>\t\t\t\t\t\t<\/div>\n\t\t\t\t\t<\/div>\n\n\t\t\t\t \n\t\t\t\t\t<div class=\"gyan-service-full-item gyan-grid-item-wrap\">\n\t\t\t\t\t\t<div class=\"gyan-services-full gyan-grid-item gyan-ease-transition\">\n\t\t\t\t\t\t\t<div class=\"gyan-services-full-img\"><img decoding=\"async\" src=\"https:\/\/vchemgmbh.com\/spanish\/wp-content\/uploads\/2025\/09\/Mercurio-liquido-rojo-de-Alemani.jpg\" alt=\"\"><\/div><div class=\"gyan-services-full-content\"><div class=\"gyan-services-full-icon-wrap\"><div class=\"gyan-services-full-icon gyan-icon\"><img decoding=\"async\" src=\"https:\/\/vchemgmbh.com\/spanish\/wp-content\/uploads\/2020\/02\/icon-video.png\" alt=\"\"><\/div><\/div><div class=\"gyan-services-full-title-desc\"><h6 class=\"gyan-services-full-title\"><a href=\"https:\/\/vchemgmbh.com\/spanish\/productos\/mercurio-liquido-rojo-de-alemania\/\" class=\"gyan-service-full-link\">Mercurio l\u00edquido rojo de Alemania<\/a><\/h6><div class=\"gyan-services-full-desc\">Mercurio l\u00edquido rojo de Alemania con m\u00e1xima pureza, disponible para miner\u00eda, investigaci\u00f3n y uso industrial, entrega r\u00e1pida y segura internacionalmente.<\/div><\/div><a href=\"https:\/\/vchemgmbh.com\/spanish\/productos\/mercurio-liquido-rojo-de-alemania\/\" class=\"gyan-service-full-link gyan-services-full-button gyan-ease-transition gyan-flex\"><span class=\"gyan-services-full-button-text\">Learn More<\/span><span class=\"gyan-services-full-button-arrow\"><\/span><\/a><\/div>\t\t\t\t\t\t<\/div>\n\t\t\t\t\t<\/div>\n\n\t\t\t\t \n\t\t\t\t\t<div class=\"gyan-service-full-item gyan-grid-item-wrap\">\n\t\t\t\t\t\t<div class=\"gyan-services-full gyan-grid-item gyan-ease-transition\">\n\t\t\t\t\t\t\t<div class=\"gyan-services-full-img\"><img decoding=\"async\" src=\"https:\/\/vchemgmbh.com\/spanish\/wp-content\/uploads\/2025\/09\/Mercurio-metalico-de-plata-1.jpg\" alt=\"\"><\/div><div class=\"gyan-services-full-content\"><div class=\"gyan-services-full-icon-wrap\"><div class=\"gyan-services-full-icon gyan-icon\"><img decoding=\"async\" src=\"https:\/\/vchemgmbh.com\/spanish\/wp-content\/uploads\/2020\/02\/icon-bulb.png\" alt=\"\"><\/div><\/div><div class=\"gyan-services-full-title-desc\"><h6 class=\"gyan-services-full-title\"><a href=\"https:\/\/vchemgmbh.com\/spanish\/productos\/mercurio-metalico-de-plata\/\" class=\"gyan-service-full-link\">Mercurio met\u00e1lico de plata<\/a><\/h6><div class=\"gyan-services-full-desc\">Mercurio met\u00e1lico de plata de alta calidad, ideal para miner\u00eda de oro, aplicaciones industriales y cient\u00edficas, con env\u00edo seguro y r\u00e1pido.<\/div><\/div><a href=\"https:\/\/vchemgmbh.com\/spanish\/productos\/mercurio-metalico-de-plata\/\" class=\"gyan-service-full-link gyan-services-full-button gyan-ease-transition gyan-flex\"><span class=\"gyan-services-full-button-text\">Learn More<\/span><span class=\"gyan-services-full-button-arrow\"><\/span><\/a><\/div>\t\t\t\t\t\t<\/div>\n\t\t\t\t\t<\/div>\n\n\t\t\t\t \n\t\t\t\t\t<div class=\"gyan-service-full-item gyan-grid-item-wrap\">\n\t\t\t\t\t\t<div class=\"gyan-services-full gyan-grid-item gyan-ease-transition\">\n\t\t\t\t\t\t\t<div class=\"gyan-services-full-img\"><img decoding=\"async\" src=\"https:\/\/vchemgmbh.com\/spanish\/wp-content\/uploads\/2025\/09\/Mercurio-para-mineria-de-oro-1.jpg\" alt=\"\"><\/div><div class=\"gyan-services-full-content\"><div class=\"gyan-services-full-icon-wrap\"><div class=\"gyan-services-full-icon gyan-icon\"><img decoding=\"async\" src=\"https:\/\/vchemgmbh.com\/spanish\/wp-content\/uploads\/2020\/02\/icon-megaphone.png\" alt=\"\"><\/div><\/div><div class=\"gyan-services-full-title-desc\"><h6 class=\"gyan-services-full-title\"><a href=\"https:\/\/vchemgmbh.com\/spanish\/productos\/mercurio-para-mineria-de-oro\/\" class=\"gyan-service-full-link\">Mercurio para miner\u00eda de oro<\/a><\/h6><div class=\"gyan-services-full-desc\">Mercurio para miner\u00eda de oro con pureza garantizada, usado en procesos de extracci\u00f3n aur\u00edfera, disponible para compra segura y env\u00edo confiable.<\/div><\/div><a href=\"https:\/\/vchemgmbh.com\/spanish\/productos\/mercurio-para-mineria-de-oro\/\" class=\"gyan-service-full-link gyan-services-full-button gyan-ease-transition gyan-flex\"><span class=\"gyan-services-full-button-text\">Learn More<\/span><span class=\"gyan-services-full-button-arrow\"><\/span><\/a><\/div>\t\t\t\t\t\t<\/div>\n\t\t\t\t\t<\/div>\n\n\t\t\t\t \n\t\t\t\t\t<div class=\"gyan-service-full-item gyan-grid-item-wrap\">\n\t\t\t\t\t\t<div class=\"gyan-services-full gyan-grid-item gyan-ease-transition\">\n\t\t\t\t\t\t\t<div class=\"gyan-services-full-img\"><img decoding=\"async\" src=\"https:\/\/vchemgmbh.com\/spanish\/wp-content\/uploads\/2025\/09\/Oxido-de-antimonio.jpg\" alt=\"\"><\/div><div class=\"gyan-services-full-content\"><div class=\"gyan-services-full-icon-wrap\"><div class=\"gyan-services-full-icon gyan-icon\"><img decoding=\"async\" src=\"https:\/\/vchemgmbh.com\/spanish\/wp-content\/uploads\/2020\/02\/icon-alarm-clock.png\" alt=\"\"><\/div><\/div><div class=\"gyan-services-full-title-desc\"><h6 class=\"gyan-services-full-title\"><a href=\"https:\/\/vchemgmbh.com\/spanish\/productos\/oxido-de-antimonio\/\" class=\"gyan-service-full-link\">\u00d3xido de antimonio<\/a><\/h6><div class=\"gyan-services-full-desc\">\u00d3xido de antimonio de alta pureza, ideal para aplicaciones industriales, pl\u00e1sticos, vidrios y retardantes de llama, disponible con env\u00edo seguro.<\/div><\/div><a href=\"https:\/\/vchemgmbh.com\/spanish\/productos\/oxido-de-antimonio\/\" class=\"gyan-service-full-link gyan-services-full-button gyan-ease-transition gyan-flex\"><span class=\"gyan-services-full-button-text\">Learn More<\/span><span class=\"gyan-services-full-button-arrow\"><\/span><\/a><\/div>\t\t\t\t\t\t<\/div>\n\t\t\t\t\t<\/div>\n\n\t\t\t\t \n\t\t\t\t\t<div class=\"gyan-service-full-item gyan-grid-item-wrap\">\n\t\t\t\t\t\t<div class=\"gyan-services-full gyan-grid-item gyan-ease-transition\">\n\t\t\t\t\t\t\t<div class=\"gyan-services-full-img\"><img decoding=\"async\" src=\"https:\/\/vchemgmbh.com\/spanish\/wp-content\/uploads\/2021\/09\/ssd.jpg\" alt=\"\"><\/div><div class=\"gyan-services-full-content\"><div class=\"gyan-services-full-icon-wrap\"><div class=\"gyan-services-full-icon gyan-icon\"><img decoding=\"async\" src=\"https:\/\/vchemgmbh.com\/spanish\/wp-content\/uploads\/2020\/02\/icon-bell.png\" alt=\"\"><\/div><\/div><div class=\"gyan-services-full-title-desc\"><h6 class=\"gyan-services-full-title\"><a href=\"https:\/\/vchemgmbh.com\/spanish\/productos\/solucion-automatica-ssd\/\" class=\"gyan-service-full-link\">Soluci\u00f3n autom\u00e1tica SSD<\/a><\/h6><div class=\"gyan-services-full-desc\">Soluci\u00f3n autom\u00e1tica SSD premium para limpiar billetes manchados, eliminar tintas negras y restaurar su valor original con resultados garantizados.<\/div><\/div><a href=\"https:\/\/vchemgmbh.com\/spanish\/productos\/solucion-automatica-ssd\/\" class=\"gyan-service-full-link gyan-services-full-button gyan-ease-transition gyan-flex\"><span class=\"gyan-services-full-button-text\">Learn More<\/span><span class=\"gyan-services-full-button-arrow\"><\/span><\/a><\/div>\t\t\t\t\t\t<\/div>\n\t\t\t\t\t<\/div>\n\n\t\t\t\t \n\t\t\t <\/div> <!-- gyan-services-full-items -->\n\t\t\t <div class=\"clear\"><\/div>\n\n\t\t<\/div>\n\n\t\t\t<\/div>\n\t\t\t\t<\/div>\n\t\t\t\t\t<\/div>\n\t\t<\/div>\n\t\t\t\t\t\t\t<\/div>\n\t\t<\/section>\n\t\t\t\t\t\t<\/div>\n\t\t\t\t\t<\/div>\n\t\t","protected":false},"excerpt":{"rendered":"<p>Mercurio l\u00edquido rojo Mercurio l\u00edquido rojo de alta pureza, ideal para miner\u00eda, investigaci\u00f3n y aplicaciones industriales, con env\u00edo seguro y discreto internacional.Learn More Mercurio l\u00edquido rojo de Alemania Mercurio l\u00edquido rojo de Alemania con m\u00e1xima pureza, disponible para miner\u00eda, investigaci\u00f3n y uso industrial, entrega r\u00e1pida y segura internacionalmente.Learn More Mercurio [&hellip;]<\/p>\n","protected":false},"author":1,"featured_media":0,"parent":0,"menu_order":0,"comment_status":"closed","ping_status":"closed","template":"elementor_header_footer","meta":[],"yoast_head":"<!-- This site is optimized with the Yoast SEO plugin v20.2.1 - https:\/\/yoast.com\/wordpress\/plugins\/seo\/ -->\n<title>productos - Volant Chem GmbH<\/title>\n<meta name=\"robots\" content=\"index, follow, max-snippet:-1, max-image-preview:large, max-video-preview:-1\" \/>\n<link rel=\"canonical\" href=\"https:\/\/vchemgmbh.com\/spanish\/productos\/\" \/>\n<meta property=\"og:locale\" content=\"en_US\" \/>\n<meta property=\"og:type\" content=\"article\" \/>\n<meta property=\"og:title\" content=\"productos - Volant Chem GmbH\" \/>\n<meta property=\"og:description\" content=\"Mercurio l\u00edquido rojo Mercurio l\u00edquido rojo de alta pureza, ideal para miner\u00eda, investigaci\u00f3n y aplicaciones industriales, con env\u00edo seguro y discreto internacional.Learn More Mercurio l\u00edquido rojo de Alemania Mercurio l\u00edquido rojo de Alemania con m\u00e1xima pureza, disponible para miner\u00eda, investigaci\u00f3n y uso industrial, entrega r\u00e1pida y segura internacionalmente.Learn More Mercurio [&hellip;]\" \/>\n<meta property=\"og:url\" content=\"https:\/\/vchemgmbh.com\/spanish\/productos\/\" \/>\n<meta property=\"og:site_name\" content=\"Volant Chem GmbH\" \/>\n<meta property=\"article:modified_time\" content=\"2025-09-01T18:19:18+00:00\" \/>\n<meta property=\"og:image\" content=\"https:\/\/vchemgmbh.com\/spanish\/wp-content\/uploads\/2021\/09\/red-mercury.jpg\" \/>\n<meta name=\"twitter:card\" content=\"summary_large_image\" \/>\n<meta name=\"twitter:label1\" content=\"Est. reading time\" \/>\n\t<meta name=\"twitter:data1\" content=\"1 minute\" \/>\n<script type=\"application\/ld+json\" class=\"yoast-schema-graph\">{\"@context\":\"https:\/\/schema.org\",\"@graph\":[{\"@type\":\"WebPage\",\"@id\":\"https:\/\/vchemgmbh.com\/spanish\/productos\/\",\"url\":\"https:\/\/vchemgmbh.com\/spanish\/productos\/\",\"name\":\"productos - Volant Chem GmbH\",\"isPartOf\":{\"@id\":\"https:\/\/vchemgmbh.com\/spanish\/#website\"},\"datePublished\":\"2020-02-18T10:14:06+00:00\",\"dateModified\":\"2025-09-01T18:19:18+00:00\",\"breadcrumb\":{\"@id\":\"https:\/\/vchemgmbh.com\/spanish\/productos\/#breadcrumb\"},\"inLanguage\":\"en-US\",\"potentialAction\":[{\"@type\":\"ReadAction\",\"target\":[\"https:\/\/vchemgmbh.com\/spanish\/productos\/\"]}]},{\"@type\":\"BreadcrumbList\",\"@id\":\"https:\/\/vchemgmbh.com\/spanish\/productos\/#breadcrumb\",\"itemListElement\":[{\"@type\":\"ListItem\",\"position\":1,\"name\":\"Home\",\"item\":\"https:\/\/vchemgmbh.com\/spanish\/\"},{\"@type\":\"ListItem\",\"position\":2,\"name\":\"productos\"}]},{\"@type\":\"WebSite\",\"@id\":\"https:\/\/vchemgmbh.com\/spanish\/#website\",\"url\":\"https:\/\/vchemgmbh.com\/spanish\/\",\"name\":\"Volant Chem GmbH\",\"description\":\"Proveedor confiable de productos qu\u00edmicos de alta pureza en Espa\u00f1a y Europa, incluyendo mercurio, \u00f3xido de antimonio y cianuro de sodio\",\"potentialAction\":[{\"@type\":\"SearchAction\",\"target\":{\"@type\":\"EntryPoint\",\"urlTemplate\":\"https:\/\/vchemgmbh.com\/spanish\/?s={search_term_string}\"},\"query-input\":\"required name=search_term_string\"}],\"inLanguage\":\"en-US\"}]}<\/script>\n<!-- \/ Yoast SEO plugin. -->","yoast_head_json":{"title":"productos - Volant Chem GmbH","robots":{"index":"index","follow":"follow","max-snippet":"max-snippet:-1","max-image-preview":"max-image-preview:large","max-video-preview":"max-video-preview:-1"},"canonical":"https:\/\/vchemgmbh.com\/spanish\/productos\/","og_locale":"en_US","og_type":"article","og_title":"productos - Volant Chem GmbH","og_description":"Mercurio l\u00edquido rojo Mercurio l\u00edquido rojo de alta pureza, ideal para miner\u00eda, investigaci\u00f3n y aplicaciones industriales, con env\u00edo seguro y discreto internacional.Learn More Mercurio l\u00edquido rojo de Alemania Mercurio l\u00edquido rojo de Alemania con m\u00e1xima pureza, disponible para miner\u00eda, investigaci\u00f3n y uso industrial, entrega r\u00e1pida y segura internacionalmente.Learn More Mercurio [&hellip;]","og_url":"https:\/\/vchemgmbh.com\/spanish\/productos\/","og_site_name":"Volant Chem GmbH","article_modified_time":"2025-09-01T18:19:18+00:00","og_image":[{"url":"https:\/\/vchemgmbh.com\/spanish\/wp-content\/uploads\/2021\/09\/red-mercury.jpg"}],"twitter_card":"summary_large_image","twitter_misc":{"Est. reading time":"1 minute"},"schema":{"@context":"https:\/\/schema.org","@graph":[{"@type":"WebPage","@id":"https:\/\/vchemgmbh.com\/spanish\/productos\/","url":"https:\/\/vchemgmbh.com\/spanish\/productos\/","name":"productos - Volant Chem GmbH","isPartOf":{"@id":"https:\/\/vchemgmbh.com\/spanish\/#website"},"datePublished":"2020-02-18T10:14:06+00:00","dateModified":"2025-09-01T18:19:18+00:00","breadcrumb":{"@id":"https:\/\/vchemgmbh.com\/spanish\/productos\/#breadcrumb"},"inLanguage":"en-US","potentialAction":[{"@type":"ReadAction","target":["https:\/\/vchemgmbh.com\/spanish\/productos\/"]}]},{"@type":"BreadcrumbList","@id":"https:\/\/vchemgmbh.com\/spanish\/productos\/#breadcrumb","itemListElement":[{"@type":"ListItem","position":1,"name":"Home","item":"https:\/\/vchemgmbh.com\/spanish\/"},{"@type":"ListItem","position":2,"name":"productos"}]},{"@type":"WebSite","@id":"https:\/\/vchemgmbh.com\/spanish\/#website","url":"https:\/\/vchemgmbh.com\/spanish\/","name":"Volant Chem GmbH","description":"Proveedor confiable de productos qu\u00edmicos de alta pureza en Espa\u00f1a y Europa, incluyendo mercurio, \u00f3xido de antimonio y cianuro de sodio","potentialAction":[{"@type":"SearchAction","target":{"@type":"EntryPoint","urlTemplate":"https:\/\/vchemgmbh.com\/spanish\/?s={search_term_string}"},"query-input":"required name=search_term_string"}],"inLanguage":"en-US"}]}},"_links":{"self":[{"href":"https:\/\/vchemgmbh.com\/spanish\/wp-json\/wp\/v2\/pages\/319"}],"collection":[{"href":"https:\/\/vchemgmbh.com\/spanish\/wp-json\/wp\/v2\/pages"}],"about":[{"href":"https:\/\/vchemgmbh.com\/spanish\/wp-json\/wp\/v2\/types\/page"}],"author":[{"embeddable":true,"href":"https:\/\/vchemgmbh.com\/spanish\/wp-json\/wp\/v2\/users\/1"}],"replies":[{"embeddable":true,"href":"https:\/\/vchemgmbh.com\/spanish\/wp-json\/wp\/v2\/comments?post=319"}],"version-history":[{"count":6,"href":"https:\/\/vchemgmbh.com\/spanish\/wp-json\/wp\/v2\/pages\/319\/revisions"}],"predecessor-version":[{"id":2707,"href":"https:\/\/vchemgmbh.com\/spanish\/wp-json\/wp\/v2\/pages\/319\/revisions\/2707"}],"wp:attachment":[{"href":"https:\/\/vchemgmbh.com\/spanish\/wp-json\/wp\/v2\/media?parent=319"}],"curies":[{"name":"wp","href":"https:\/\/api.w.org\/{rel}","templated":true}]}}